{"id":197,"date":"2023-07-23T17:17:52","date_gmt":"2023-07-23T15:17:52","guid":{"rendered":"http:\/\/www.abcpcuisinepro.com\/?page_id=197"},"modified":"2023-10-17T16:29:22","modified_gmt":"2023-10-17T14:29:22","slug":"197-2","status":"publish","type":"page","link":"https:\/\/www.abcpcuisinepro.com\/index.php\/197-2\/","title":{"rendered":"Mentions l\u00e9gales"},"content":{"rendered":"<p>[et_pb_section fb_built=&#8221;1&#8243; custom_padding_last_edited=&#8221;on|phone&#8221; admin_label=&#8221;Header&#8221; _builder_version=&#8221;4.22.2&#8243; background_color=&#8221;#056AA7&#8243; background_enable_image=&#8221;off&#8221; custom_padding=&#8221;||220px||false|false&#8221; custom_padding_tablet=&#8221;||220px||false|false&#8221; custom_padding_phone=&#8221;||200px||false|false&#8221; hover_enabled=&#8221;0&#8243; global_colors_info=&#8221;{}&#8221; sticky_enabled=&#8221;0&#8243;][et_pb_row _builder_version=&#8221;4.16&#8243; global_colors_info=&#8221;{}&#8221;][et_pb_column type=&#8221;4_4&#8243; _builder_version=&#8221;4.16&#8243; global_colors_info=&#8221;{}&#8221;][et_pb_text _builder_version=&#8221;4.16&#8243; header_font=&#8221;Kanit|500|||||||&#8221; header_font_size=&#8221;4vw&#8221; header_line_height=&#8221;1.1em&#8221; text_orientation=&#8221;center&#8221; background_layout=&#8221;dark&#8221; max_width=&#8221;795px&#8221; module_alignment=&#8221;center&#8221; header_font_size_tablet=&#8221;42px&#8221; header_font_size_phone=&#8221;36px&#8221; header_font_size_last_edited=&#8221;on|desktop&#8221; global_colors_info=&#8221;{}&#8221;]<\/p>\n<h1>Mentions l\u00e9gales<\/h1>\n<p>[\/et_pb_text][\/et_pb_column][\/et_pb_row][\/et_pb_section][et_pb_section fb_built=&#8221;1&#8243; admin_label=&#8221;About&#8221; _builder_version=&#8221;4.16&#8243; custom_padding=&#8221;||||false|false&#8221; global_colors_info=&#8221;{}&#8221;][et_pb_row custom_padding_last_edited=&#8221;on|phone&#8221; _builder_version=&#8221;4.21.0&#8243; background_color=&#8221;#ffffff&#8221; max_width=&#8221;860px&#8221; custom_margin=&#8221;-220px||||false|false&#8221; custom_padding=&#8221;40px|40px|40px|40px|true|true&#8221; custom_padding_tablet=&#8221;30px|30px|30px|30px|true|true&#8221; custom_padding_phone=&#8221;20px|20px|20px|20px|true|true&#8221; global_colors_info=&#8221;{}&#8221;][et_pb_column type=&#8221;4_4&#8243; _builder_version=&#8221;4.16&#8243; global_colors_info=&#8221;{}&#8221;][et_pb_text _builder_version=&#8221;4.21.0&#8243; text_line_height=&#8221;1.8em&#8221; header_2_text_color=&#8221;#000000&#8243; header_2_font_size=&#8221;48px&#8221; header_2_line_height=&#8221;1.1em&#8221; text_font_size_last_edited=&#8221;off|tablet&#8221; header_2_font_size_tablet=&#8221;32px&#8221; header_2_font_size_phone=&#8221;22px&#8221; header_2_font_size_last_edited=&#8221;on|phone&#8221; global_colors_info=&#8221;{}&#8221;]<\/p>\n<p class=\"p1\"><span>Conform\u00e9ment aux dispositions des Articles 6-III et 19 de la Loi n\u00b02004-575 du 21 juin 2004 pour la\u00a0<\/span><span>Confiance dans l\u2019\u00e9conomie num\u00e9rique, dite L.C.E.N., il est port\u00e9 \u00e0 la connaissance des utilisateurs et\u00a0<\/span><span>visiteurs, ci-apr\u00e8s l\u2019Utilisateur\u201d, du site https:\/\/www.abcpcuisinepro.com\/ , ci-apr\u00e8s le \u201cSite\u201d, les pr\u00e9sentes <\/span><span>mentions l\u00e9gales.<\/span><\/p>\n<p class=\"p1\"><span>La connexion et la navigation sur le Site par l\u2019Utilisateur implique acceptation int\u00e9grale et sans r\u00e9serve\u00a0<\/span><span>des pr\u00e9sentes mentions l\u00e9gales.<\/span><\/p>\n<p class=\"p1\"><span>Ces derni\u00e8res sont accessibles sur le Site \u00e0 la rubrique \u00ab Mentions l\u00e9gales \u00bb.<\/span><\/p>\n<p class=\"p2\"><strong><span>ARTICLE 1 \u2013 L\u2019EDITEUR<\/span><\/strong><\/p>\n<p class=\"p1\"><span>L\u2019\u00e9dition du Site est assur\u00e9e par ABCP-ABS SARL, immatricul\u00e9e au Registre du <\/span><span>Commerce et des Soci\u00e9t\u00e9s de Angers sous le num\u00e9ro 514288869 dont le si\u00e8ge social est situ\u00e9 au ZA du petit bois<\/span><span> \u2013 44522 MESANGER, <\/span><span>Num\u00e9ro de t\u00e9l\u00e9phone \u00a002 40 96 16 20, <\/span><span>Adresse e-mail : nantes@abcpcuisinepro.fr.\u00a0<\/span><span>N\u00b0 de TVA intracommunautaire : FR42514288869<\/span><\/p>\n<p class=\"p1\"><span>Le Directeur de la publication est BION Alban <\/span><span>ci-apr\u00e8s l&#8217;\u201dEditeur\u201d.<\/span><\/p>\n<p class=\"p2\"><strong><span>ARTICLE 2 \u2013 L\u2019HEBERGEUR<\/span><\/strong><\/p>\n<p class=\"p1\"><span>L\u2019h\u00e9bergeur du Site est la soci\u00e9t\u00e9 OVH, dont le si\u00e8ge social est situ\u00e9 2 RUE KELLERMANN 59100 ROUBAIX<\/span><span> , avec le num\u00e9ro de t\u00e9l\u00e9phone :<\/span>09 72 10 10 07 <span>adresse mail de contact : contact@ovh.com<\/span><\/p>\n<p class=\"p2\"><strong><span>ARTICLE 3 \u2013 ACCES AU SITE<\/span><\/strong><\/p>\n<p class=\"p1\"><span>Le Site est accessible en tout endroit, 7j\/7, 24h\/24 sauf cas de force majeure, interruption\u00a0<\/span><span>programm\u00e9e ou non et pouvant d\u00e9coulant d\u2019une n\u00e9cessit\u00e9 de maintenance.<\/span><\/p>\n<p class=\"p1\"><span>En cas de modification, interruption ou suspension du Site, l\u2019Editeur ne saurait \u00eatre tenu responsable.<\/span><\/p>\n<p class=\"p2\"><strong><span>ARTICLE 4 \u2013 COLLECTE DES DONNEES<\/span><\/strong><\/p>\n<p class=\"p1\"><span>Le Site assure \u00e0 l\u2019Utilisateur une collecte et un traitement d\u2019informations personnelles dans le respect\u00a0<\/span><span>de la vie priv\u00e9e conform\u00e9ment \u00e0 la loi n\u00b078-17 du 6 janvier 1978 relative \u00e0 l\u2019informatique, aux fichiers\u00a0<\/span><span>et aux libert\u00e9s.<\/span><\/p>\n<p class=\"p1\"><span>1-\u00a0<\/span><span>En vertu de la loi Informatique et Libert\u00e9s, en date du 6 janvier 1978, l\u2019Utilisateur dispose d\u2019un droit\u00a0<\/span><span>d\u2019acc\u00e8s, de rectification, de suppression et d\u2019opposition de ses donn\u00e9es personnelles. L\u2019Utilisateur\u00a0<\/span><span>exerce ce droit :<\/span><\/p>\n<p class=\"p1\"><span>\u00b7 par mail \u00e0 l\u2019adresse email nantes@abcpcuisinepro.fr<\/span><\/p>\n<p class=\"p1\"><span>\u00b7 via un formulaire de contact ;<\/span><\/p>\n<p class=\"p1\"><span>Toute utilisation, reproduction, diffusion, commercialisation, modification de toute ou partie du Site,\u00a0<\/span><span>sans autorisation de l\u2019Editeur est prohib\u00e9e et pourra entra\u00een\u00e9e des actions et poursuites judiciaires\u00a0<\/span><span>telles que notamment pr\u00e9vues par le Code de la propri\u00e9t\u00e9 intellectuelle et le Code civil.<\/span><\/p>\n<p>[\/et_pb_text][\/et_pb_column][\/et_pb_row][\/et_pb_section]<\/p>\n","protected":false},"excerpt":{"rendered":"<p>Mentions l\u00e9galesConform\u00e9ment aux dispositions des Articles 6-III et 19 de la Loi n\u00b02004-575 du 21 juin 2004 pour la\u00a0Confiance dans l\u2019\u00e9conomie num\u00e9rique, dite L.C.E.N., il est port\u00e9 \u00e0 la connaissance des utilisateurs et\u00a0visiteurs, ci-apr\u00e8s l\u2019Utilisateur\u201d, du site https:\/\/www.abcpcuisinepro.com\/ , ci-apr\u00e8s le \u201cSite\u201d, les pr\u00e9sentes mentions l\u00e9gales. La connexion et la navigation sur le Site par [&hellip;]<\/p>\n","protected":false},"author":1,"featured_media":0,"parent":0,"menu_order":0,"comment_status":"closed","ping_status":"closed","template":"","meta":{"_et_pb_use_builder":"on","_et_pb_old_content":"","_et_gb_content_width":"","footnotes":""},"class_list":["post-197","page","type-page","status-publish","hentry"],"_links":{"self":[{"href":"https:\/\/www.abcpcuisinepro.com\/index.php\/wp-json\/wp\/v2\/pages\/197","targetHints":{"allow":["GET"]}}],"collection":[{"href":"https:\/\/www.abcpcuisinepro.com\/index.php\/wp-json\/wp\/v2\/pages"}],"about":[{"href":"https:\/\/www.abcpcuisinepro.com\/index.php\/wp-json\/wp\/v2\/types\/page"}],"author":[{"embeddable":true,"href":"https:\/\/www.abcpcuisinepro.com\/index.php\/wp-json\/wp\/v2\/users\/1"}],"replies":[{"embeddable":true,"href":"https:\/\/www.abcpcuisinepro.com\/index.php\/wp-json\/wp\/v2\/comments?post=197"}],"version-history":[{"count":5,"href":"https:\/\/www.abcpcuisinepro.com\/index.php\/wp-json\/wp\/v2\/pages\/197\/revisions"}],"predecessor-version":[{"id":277,"href":"https:\/\/www.abcpcuisinepro.com\/index.php\/wp-json\/wp\/v2\/pages\/197\/revisions\/277"}],"wp:attachment":[{"href":"https:\/\/www.abcpcuisinepro.com\/index.php\/wp-json\/wp\/v2\/media?parent=197"}],"curies":[{"name":"wp","href":"https:\/\/api.w.org\/{rel}","templated":true}]}}